{"id":1083,"date":"2023-02-20T11:24:41","date_gmt":"2023-02-20T11:24:41","guid":{"rendered":"https:\/\/fashion-roof-services.com\/imprint-2\/"},"modified":"2023-02-20T14:33:15","modified_gmt":"2023-02-20T14:33:15","slug":"imprint","status":"publish","type":"page","link":"https:\/\/fashion-roof-services.com\/en\/imprint\/","title":{"rendered":"Imprint"},"content":{"rendered":"\t\t<div data-elementor-type=\"wp-page\" data-elementor-id=\"1083\" class=\"elementor elementor-1083 elementor-1067\" data-elementor-post-type=\"page\">\n\t\t\t\t\t\t<section class=\"elementor-section elementor-top-section elementor-element elementor-element-6eb6445 elementor-section-boxed elementor-section-height-default elementor-section-height-default\" data-id=\"6eb6445\" data-element_type=\"section\" data-e-type=\"section\">\n\t\t\t\t\t\t<div class=\"elementor-container elementor-column-gap-no\">\n\t\t\t\t\t<div class=\"elementor-column elementor-col-100 elementor-top-column elementor-element elementor-element-7012a28\" data-id=\"7012a28\" data-element_type=\"column\" data-e-type=\"column\">\n\t\t\t<div class=\"elementor-widget-wrap elementor-element-populated\">\n\t\t\t\t\t\t<div class=\"elementor-element elementor-element-e84d53e elementor-widget elementor-widget-heading\" data-id=\"e84d53e\" data-element_type=\"widget\" data-e-type=\"widget\" data-widget_type=\"heading.default\">\n\t\t\t\t<div class=\"elementor-widget-container\">\n\t\t\t\t\t<h1 class=\"elementor-heading-title elementor-size-default\">Imprint<\/h1>\t\t\t\t<\/div>\n\t\t\t\t<\/div>\n\t\t\t\t<div class=\"elementor-element elementor-element-b9cb782 elementor-widget elementor-widget-text-editor\" data-id=\"b9cb782\" data-element_type=\"widget\" data-e-type=\"widget\" data-widget_type=\"text-editor.default\">\n\t\t\t\t<div class=\"elementor-widget-container\">\n\t\t\t\t\t\t\t\t\t<p><strong>Company Information:<\/strong><br \/>Stefan Eckert<br \/>C\/O Fashion Roof Services<br \/>\u00dcberseeboulevard 2<br \/>20457 Hamburg<\/p>\n<p><strong>Authorized to represent:<\/strong><br \/>Stefan Eckert, Inhaber + Gesch\u00e4ftsf\u00fchrer<\/p>\n<p><strong>Contact:<\/strong><br \/>Telefon: <a href=\"tel:+49%2040%2063%2068%2098%2005\">+49 40 63 68 98 05<\/a><br \/>Mail: <a href=\"mailto:contact@fashion-roof-services.com\">contact@fashion-roof-services.com<\/a><\/p>\n<p><strong>Eingetragen:<\/strong><br \/>Handwerkskammer Hamburg, Nr. 2930 9171 38<br \/>UST-ID: DE 261 59 8079<\/p>\n\t\t\t\t\t\t\t\t<\/div>\n\t\t\t\t<\/div>\n\t\t\t\t\t<\/div>\n\t\t<\/div>\n\t\t\t\t\t<\/div>\n\t\t<\/section>\n\t\t\t\t<\/div>\n\t\t","protected":false},"excerpt":{"rendered":"<p>Imprint Company Information:Stefan EckertC\/O Fashion Roof Services\u00dcberseeboulevard 220457 Hamburg Authorized to represent:Stefan Eckert, Inhaber + Gesch\u00e4ftsf\u00fchrer Contact:Telefon: +49 40 63 68 98 05Mail: contact@fashion-roof-services.com Eingetragen:Handwerkskammer Hamburg, Nr. 2930 9171 38UST-ID: DE 261 59 8079<\/p>\n","protected":false},"author":1,"featured_media":0,"parent":0,"menu_order":0,"comment_status":"closed","ping_status":"closed","template":"","meta":{"footnotes":""},"class_list":["post-1083","page","type-page","status-publish","hentry"],"yoast_head":"<!-- This site is optimized with the Yoast SEO Premium plugin v22.3 (Yoast SEO v27.5) - https:\/\/yoast.com\/product\/yoast-seo-premium-wordpress\/ -->\n<title>Imprint - Fashion Roof Services<\/title>\n<meta name=\"robots\" content=\"index, follow, max-snippet:-1, max-image-preview:large, max-video-preview:-1\" \/>\n<link rel=\"canonical\" href=\"https:\/\/fashion-roof-services.com\/en\/imprint\/\" \/>\n<meta property=\"og:locale\" content=\"en_US\" \/>\n<meta property=\"og:type\" content=\"article\" \/>\n<meta property=\"og:title\" content=\"Imprint\" \/>\n<meta property=\"og:description\" content=\"Imprint Company Information:Stefan EckertC\/O Fashion Roof Services\u00dcberseeboulevard 220457 Hamburg Authorized to represent:Stefan Eckert, Inhaber + Gesch\u00e4ftsf\u00fchrer Contact:Telefon: +49 40 63 68 98 05Mail: contact@fashion-roof-services.com Eingetragen:Handwerkskammer Hamburg, Nr. 2930 9171 38UST-ID: DE 261 59 8079\" \/>\n<meta property=\"og:url\" content=\"https:\/\/fashion-roof-services.com\/en\/imprint\/\" \/>\n<meta property=\"og:site_name\" content=\"Fashion Roof Services\" \/>\n<meta property=\"article:modified_time\" content=\"2023-02-20T14:33:15+00:00\" \/>\n<meta name=\"twitter:card\" content=\"summary_large_image\" \/>\n<script type=\"application\/ld+json\" class=\"yoast-schema-graph\">{\"@context\":\"https:\\\/\\\/schema.org\",\"@graph\":[{\"@type\":\"WebPage\",\"@id\":\"https:\\\/\\\/fashion-roof-services.com\\\/en\\\/imprint\\\/\",\"url\":\"https:\\\/\\\/fashion-roof-services.com\\\/en\\\/imprint\\\/\",\"name\":\"Imprint - Fashion Roof Services\",\"isPartOf\":{\"@id\":\"https:\\\/\\\/fashion-roof-services.com\\\/#website\"},\"datePublished\":\"2023-02-20T11:24:41+00:00\",\"dateModified\":\"2023-02-20T14:33:15+00:00\",\"breadcrumb\":{\"@id\":\"https:\\\/\\\/fashion-roof-services.com\\\/en\\\/imprint\\\/#breadcrumb\"},\"inLanguage\":\"en-US\",\"potentialAction\":[{\"@type\":\"ReadAction\",\"target\":[\"https:\\\/\\\/fashion-roof-services.com\\\/en\\\/imprint\\\/\"]}]},{\"@type\":\"BreadcrumbList\",\"@id\":\"https:\\\/\\\/fashion-roof-services.com\\\/en\\\/imprint\\\/#breadcrumb\",\"itemListElement\":[{\"@type\":\"ListItem\",\"position\":1,\"name\":\"Startseite\",\"item\":\"https:\\\/\\\/fashion-roof-services.com\\\/\"},{\"@type\":\"ListItem\",\"position\":2,\"name\":\"Imprint\"}]},{\"@type\":\"WebSite\",\"@id\":\"https:\\\/\\\/fashion-roof-services.com\\\/#website\",\"url\":\"https:\\\/\\\/fashion-roof-services.com\\\/\",\"name\":\"Fashion Roof Services\",\"description\":\"\",\"publisher\":{\"@id\":\"https:\\\/\\\/fashion-roof-services.com\\\/#organization\"},\"potentialAction\":[{\"@type\":\"SearchAction\",\"target\":{\"@type\":\"EntryPoint\",\"urlTemplate\":\"https:\\\/\\\/fashion-roof-services.com\\\/?s={search_term_string}\"},\"query-input\":{\"@type\":\"PropertyValueSpecification\",\"valueRequired\":true,\"valueName\":\"search_term_string\"}}],\"inLanguage\":\"en-US\"},{\"@type\":\"Organization\",\"@id\":\"https:\\\/\\\/fashion-roof-services.com\\\/#organization\",\"name\":\"Fashion Roof Services\",\"url\":\"https:\\\/\\\/fashion-roof-services.com\\\/\",\"logo\":{\"@type\":\"ImageObject\",\"inLanguage\":\"en-US\",\"@id\":\"https:\\\/\\\/fashion-roof-services.com\\\/#\\\/schema\\\/logo\\\/image\\\/\",\"url\":\"https:\\\/\\\/fashion-roof-services.com\\\/wp-content\\\/uploads\\\/2023\\\/02\\\/cropped-frs-favic-1.png\",\"contentUrl\":\"https:\\\/\\\/fashion-roof-services.com\\\/wp-content\\\/uploads\\\/2023\\\/02\\\/cropped-frs-favic-1.png\",\"width\":512,\"height\":512,\"caption\":\"Fashion Roof Services\"},\"image\":{\"@id\":\"https:\\\/\\\/fashion-roof-services.com\\\/#\\\/schema\\\/logo\\\/image\\\/\"}}]}<\/script>\n<!-- \/ Yoast SEO Premium plugin. -->","yoast_head_json":{"title":"Imprint - Fashion Roof Services","robots":{"index":"index","follow":"follow","max-snippet":"max-snippet:-1","max-image-preview":"max-image-preview:large","max-video-preview":"max-video-preview:-1"},"canonical":"https:\/\/fashion-roof-services.com\/en\/imprint\/","og_locale":"en_US","og_type":"article","og_title":"Imprint","og_description":"Imprint Company Information:Stefan EckertC\/O Fashion Roof Services\u00dcberseeboulevard 220457 Hamburg Authorized to represent:Stefan Eckert, Inhaber + Gesch\u00e4ftsf\u00fchrer Contact:Telefon: +49 40 63 68 98 05Mail: contact@fashion-roof-services.com Eingetragen:Handwerkskammer Hamburg, Nr. 2930 9171 38UST-ID: DE 261 59 8079","og_url":"https:\/\/fashion-roof-services.com\/en\/imprint\/","og_site_name":"Fashion Roof Services","article_modified_time":"2023-02-20T14:33:15+00:00","twitter_card":"summary_large_image","schema":{"@context":"https:\/\/schema.org","@graph":[{"@type":"WebPage","@id":"https:\/\/fashion-roof-services.com\/en\/imprint\/","url":"https:\/\/fashion-roof-services.com\/en\/imprint\/","name":"Imprint - Fashion Roof Services","isPartOf":{"@id":"https:\/\/fashion-roof-services.com\/#website"},"datePublished":"2023-02-20T11:24:41+00:00","dateModified":"2023-02-20T14:33:15+00:00","breadcrumb":{"@id":"https:\/\/fashion-roof-services.com\/en\/imprint\/#breadcrumb"},"inLanguage":"en-US","potentialAction":[{"@type":"ReadAction","target":["https:\/\/fashion-roof-services.com\/en\/imprint\/"]}]},{"@type":"BreadcrumbList","@id":"https:\/\/fashion-roof-services.com\/en\/imprint\/#breadcrumb","itemListElement":[{"@type":"ListItem","position":1,"name":"Startseite","item":"https:\/\/fashion-roof-services.com\/"},{"@type":"ListItem","position":2,"name":"Imprint"}]},{"@type":"WebSite","@id":"https:\/\/fashion-roof-services.com\/#website","url":"https:\/\/fashion-roof-services.com\/","name":"Fashion Roof Services","description":"","publisher":{"@id":"https:\/\/fashion-roof-services.com\/#organization"},"potentialAction":[{"@type":"SearchAction","target":{"@type":"EntryPoint","urlTemplate":"https:\/\/fashion-roof-services.com\/?s={search_term_string}"},"query-input":{"@type":"PropertyValueSpecification","valueRequired":true,"valueName":"search_term_string"}}],"inLanguage":"en-US"},{"@type":"Organization","@id":"https:\/\/fashion-roof-services.com\/#organization","name":"Fashion Roof Services","url":"https:\/\/fashion-roof-services.com\/","logo":{"@type":"ImageObject","inLanguage":"en-US","@id":"https:\/\/fashion-roof-services.com\/#\/schema\/logo\/image\/","url":"https:\/\/fashion-roof-services.com\/wp-content\/uploads\/2023\/02\/cropped-frs-favic-1.png","contentUrl":"https:\/\/fashion-roof-services.com\/wp-content\/uploads\/2023\/02\/cropped-frs-favic-1.png","width":512,"height":512,"caption":"Fashion Roof Services"},"image":{"@id":"https:\/\/fashion-roof-services.com\/#\/schema\/logo\/image\/"}}]}},"_links":{"self":[{"href":"https:\/\/fashion-roof-services.com\/en\/wp-json\/wp\/v2\/pages\/1083","targetHints":{"allow":["GET"]}}],"collection":[{"href":"https:\/\/fashion-roof-services.com\/en\/wp-json\/wp\/v2\/pages"}],"about":[{"href":"https:\/\/fashion-roof-services.com\/en\/wp-json\/wp\/v2\/types\/page"}],"author":[{"embeddable":true,"href":"https:\/\/fashion-roof-services.com\/en\/wp-json\/wp\/v2\/users\/1"}],"replies":[{"embeddable":true,"href":"https:\/\/fashion-roof-services.com\/en\/wp-json\/wp\/v2\/comments?post=1083"}],"version-history":[{"count":0,"href":"https:\/\/fashion-roof-services.com\/en\/wp-json\/wp\/v2\/pages\/1083\/revisions"}],"wp:attachment":[{"href":"https:\/\/fashion-roof-services.com\/en\/wp-json\/wp\/v2\/media?parent=1083"}],"curies":[{"name":"wp","href":"https:\/\/api.w.org\/{rel}","templated":true}]}}